{"id":340,"date":"2020-08-25T17:39:38","date_gmt":"2020-08-25T17:39:38","guid":{"rendered":"https:\/\/veraspaeth.com\/?page_id=340"},"modified":"2025-12-01T10:34:51","modified_gmt":"2025-12-01T10:34:51","slug":"stages","status":"publish","type":"page","link":"https:\/\/veraspaeth.com\/en\/stages\/","title":{"rendered":"Workshops"},"content":{"rendered":"","protected":false},"excerpt":{"rendered":"","protected":false},"author":1,"featured_media":0,"parent":0,"menu_order":0,"comment_status":"closed","ping_status":"closed","template":"","meta":[],"grid":"{\r\n  \"colCount\": 12,\r\n  \"colGutter\": 1,\r\n  \"rowGutters\": [\r\n    5,\r\n    5\r\n  ],\r\n  \"frameMargin\": 5,\r\n  \"topFrameMargin\": 200,\r\n  \"bottomFrameMargin\": 5,\r\n  \"rowAttrs\": [\r\n    {},\r\n    {},\r\n    {}\r\n  ],\r\n  \"bgColor\": null,\r\n  \"cont\": [\r\n    {\r\n      \"type\": \"img\",\r\n      \"cont\": \"\/wp-content\/uploads\/2022\/03\/IMG_20220227_122936_HDR.jpg\",\r\n      \"align\": \"middle\",\r\n      \"row\": 0,\r\n      \"col\": 2,\r\n      \"colspan\": 5,\r\n      \"offsetx\": 0,\r\n      \"offsety\": 0,\r\n      \"spaceabove\": 0,\r\n      \"spacebelow\": 0,\r\n      \"yvel\": 1,\r\n      \"push\": 2,\r\n      \"relid\": 820,\r\n      \"attid\": 446,\r\n      \"sizes\": {\r\n        \"full\": \"\/wp-content\/uploads\/2022\/03\/IMG_20220227_122936_HDR.jpg\",\r\n        \"_1280\": \"\/wp-content\/uploads\/2022\/03\/IMG_20220227_122936_HDR-1280x964.jpg\",\r\n        \"_1024\": \"\/wp-content\/uploads\/2022\/03\/IMG_20220227_122936_HDR-1024x771.jpg\",\r\n        \"_768\": \"\/wp-content\/uploads\/2022\/03\/IMG_20220227_122936_HDR-768x578.jpg\",\r\n        \"_512\": \"\/wp-content\/uploads\/2022\/03\/IMG_20220227_122936_HDR-512x386.jpg\",\r\n        \"_265\": \"\/wp-content\/uploads\/2022\/03\/IMG_20220227_122936_HDR-265x200.jpg\"\r\n      },\r\n      \"ar\": 0.753125,\r\n      \"alt\": \"\"\r\n    },\r\n    {\r\n      \"type\": \"text\",\r\n      \"cont\": \"<p><span style=\\\"font-size: 24px;\\\"><b>Stage <span style=\\\"color: #ffcc00;\\\">L\u2019art du moulage ou le moulage de l\u2019art<\/span><\/b><span style=\\\"color: #ffcc00;\\\">\u00a0<\/span><\/span><\/p><p>Apprendre les bases du moulage d'art dans trois jours<\/p><p>Niveau d\u00e9butant \/ \u00e0 partir de 16ans<\/p><p><strong>Prochaines dates 2024<\/strong>\u00a0 :<\/p><p>Vendredi 14 juin\u00a0\u00a0\u00a0\u00a0\u00a0\u00a0\u00a0 9h-17h<\/p><p>Samedi 15 juin\u00a0\u00a0\u00a0\u00a0\u00a0\u00a0\u00a0\u00a0\u00a0\u00a0 10h-17h<\/p><p>Dimanche 16 juin\u00a0\u00a0\u00a0\u00a0\u00a0 10h-17h<\/p><p>et<\/p><p>Vendredi 26 juillet\u00a0\u00a0\u00a0 9h-17h<\/p><p>Samedi 27 juillet\u00a0\u00a0\u00a0\u00a0\u00a0\u00a0 10h-17h<\/p><p>Dimanche 28 juillet\u00a0\u00a0 10h-17h<\/p><p><strong>Dans le programme<\/strong><\/p><p>Apprenez \u00e0 fabriquer un moule de qualit\u00e9 de votre sculpture\u00a0!<\/p><p>Ce cours est particuli\u00e8rement con\u00e7u pour des artistes et sculpteurs qui souhaitent apprendre \u00e0 reproduire leurs propres sculptures en plusieurs \u00e9ditions et dans des mat\u00e9riaux diff\u00e9rents.<\/p><p>Dans ce stage vous apprenez \u00e0 fabriquer l\u2019outil pour reproduire vos sculptures : C\u2019est un moule en silicone et pl\u00e2tre, en deux parties, d\u2019apr\u00e8s une technique professionnelle, utilis\u00e9e dans les fonderies d\u2019art. Vous pourrez apporter une de vos petites sculptures ou choisir un mod\u00e8le \u00e0 l'atelier pour apprendre la technique.<\/p><p>Le moule vous servira ensuite dans votre atelier pour faire des tirages de cette m\u00eame sculpture en r\u00e9sine, ciment ou m\u00eame en bronze\u00a0!<\/p><p>Vous serez \u00e9galement initi\u00e9s aux diff\u00e9rentes \u00e9tapes de la fonderie d\u2019art, aux diff\u00e9rentes techniques du moulage d\u2019art et, surtout, vous serez accompagn\u00e9 individuellement lors de la fabrication de votre propre moule.<\/p><p>\u00a0<\/p>\",\r\n      \"align\": \"top\",\r\n      \"row\": 1,\r\n      \"col\": 0,\r\n      \"colspan\": 5,\r\n      \"offsetx\": 0,\r\n      \"offsety\": 0,\r\n      \"spaceabove\": 0,\r\n      \"spacebelow\": 0,\r\n      \"yvel\": 1,\r\n      \"push\": 0,\r\n      \"relid\": 375,\r\n      \"frameOverflow\": \"\"\r\n    },\r\n    {\r\n      \"type\": \"text\",\r\n      \"cont\": \"<p><span style=\\\"font-size: 24px;\\\"><b>Stage <span style=\\\"color: #993366;\\\">Tirages pl\u00e2tre et r\u00e9sine acrylique<\/span><\/b><\/span><\/p><p>Apprendre les bases des tirages dans deux jours.<\/p><p>Niveau d\u00e9butant \/ \u00e0 partir de 16ans<\/p><p><strong>Prochaines dates<\/strong>\u00a0:<\/p><p>Printemps 2024<\/p><p><strong>Dans le programme<\/strong><\/p><p>Apprenez \u00e0 reproduire vos sculpture \u00e0 l\u2019aide d\u2019un moule en silicone et pl\u00e2tre en deux parties.<\/p><p>Vera vous enseigne \u00e0 r\u00e9aliser des tirages creux en pl\u00e2tre ainsi que des tirages avec une r\u00e9sine non toxique, la r\u00e9sine acrylique. Vous d\u00e9couvrez la technique contemporaine du laminage avec des fibres de verre et une technique ancienne d\u2019estampage du pl\u00e2tre avec de la filasse.<\/p><p>Ensuite, vous vous exercez \u00e0 la retouche des coutures et des bulles d\u2019air avec les outils et les mat\u00e9riaux appropri\u00e9s.<\/p><p>Pour terminer, Vera vous montre une palette de diff\u00e9rentes patines simples sur ces mat\u00e9riaux et vous pourrez en r\u00e9aliser une vous-m\u00eame.<\/p><p>\u00a0<\/p>\",\r\n      \"align\": \"top\",\r\n      \"row\": 1,\r\n      \"col\": 6,\r\n      \"colspan\": 5,\r\n      \"offsetx\": 0,\r\n      \"offsety\": 0,\r\n      \"spaceabove\": 0,\r\n      \"spacebelow\": 0,\r\n      \"yvel\": 1,\r\n      \"push\": 1,\r\n      \"relid\": 4\r\n    },\r\n    {\r\n      \"type\": \"text\",\r\n      \"cont\": \"\",\r\n      \"align\": \"top\",\r\n      \"row\": 2,\r\n      \"col\": 0,\r\n      \"colspan\": 10,\r\n      \"offsetx\": 0,\r\n      \"offsety\": 0,\r\n      \"spaceabove\": 0,\r\n      \"spacebelow\": 0,\r\n      \"yvel\": 1,\r\n      \"push\": 0,\r\n      \"relid\": 5,\r\n      \"frameOverflow\": \"\"\r\n    }\r\n  ]\r\n}","phonegrid":"{\r\n  \"colCount\": 12,\r\n  \"colGutter\": 1,\r\n  \"rowGutters\": [\r\n    5,\r\n    5,\r\n    5\r\n  ],\r\n  \"frameMargin\": 5,\r\n  \"topFrameMargin\": 5,\r\n  \"bottomFrameMargin\": 5,\r\n  \"rowAttrs\": [\r\n    {},\r\n    {},\r\n    {},\r\n    {}\r\n  ],\r\n  \"bgColor\": null,\r\n  \"cont\": [\r\n    {\r\n      \"type\": \"img\",\r\n      \"cont\": \"\/wp-content\/uploads\/2022\/03\/IMG_20220227_122936_HDR.jpg\",\r\n      \"align\": \"top\",\r\n      \"row\": 0,\r\n      \"col\": 0,\r\n      \"colspan\": 12,\r\n      \"offsetx\": 0,\r\n      \"offsety\": 0,\r\n      \"spaceabove\": 0,\r\n      \"spacebelow\": 0,\r\n      \"yvel\": 1,\r\n      \"push\": 0,\r\n      \"relid\": 1031,\r\n      \"attid\": 446,\r\n      \"sizes\": {\r\n        \"full\": \"\/wp-content\/uploads\/2022\/03\/IMG_20220227_122936_HDR.jpg\",\r\n        \"_1280\": \"\/wp-content\/uploads\/2022\/03\/IMG_20220227_122936_HDR-1280x964.jpg\",\r\n        \"_1024\": \"\/wp-content\/uploads\/2022\/03\/IMG_20220227_122936_HDR-1024x771.jpg\",\r\n        \"_768\": \"\/wp-content\/uploads\/2022\/03\/IMG_20220227_122936_HDR-768x578.jpg\",\r\n        \"_512\": \"\/wp-content\/uploads\/2022\/03\/IMG_20220227_122936_HDR-512x386.jpg\",\r\n        \"_265\": \"\/wp-content\/uploads\/2022\/03\/IMG_20220227_122936_HDR-265x200.jpg\"\r\n      },\r\n      \"ar\": 0.753125,\r\n      \"alt\": \"\"\r\n    },\r\n    {\r\n      \"type\": \"text\",\r\n      \"cont\": \"<p><span style=\\\"font-size: 24px;\\\"><b>Stage <span style=\\\"color: #ffcc00;\\\">L\u2019art du moulage ou le moulage de l\u2019art<\/span><\/b><span style=\\\"color: #ffcc00;\\\">\u00a0<\/span><\/span><\/p><p>Apprendre les bases du moulage d'art dans trois jours<\/p><p>Niveau d\u00e9butant \/ \u00e0 partir de 16ans<\/p><p><strong>Prochaines dates 2024<\/strong>\u00a0 :<\/p><p>Vendredi 14 juin\u00a0\u00a0\u00a0\u00a0\u00a0\u00a0\u00a0 9h-17h<\/p><p>Samedi 15 juin\u00a0\u00a0\u00a0\u00a0\u00a0\u00a0\u00a0\u00a0\u00a0\u00a0 10h-17h<\/p><p>Dimanche 16 juin\u00a0\u00a0\u00a0\u00a0\u00a0 10h-17h<\/p><p>et<\/p><p>Vendredi 26 juillet\u00a0\u00a0\u00a0 9h-17h<\/p><p>Samedi 27 juillet\u00a0\u00a0\u00a0\u00a0\u00a0\u00a0 10h-17h<\/p><p>Dimanche 28 juillet\u00a0\u00a0 10h-17h<\/p><p><strong>Dans le programme<\/strong><\/p><p>Apprenez \u00e0 fabriquer un moule de qualit\u00e9 de votre sculpture\u00a0!<\/p><p>Ce cours est particuli\u00e8rement con\u00e7u pour des artistes et sculpteurs qui souhaitent apprendre \u00e0 reproduire leurs propres sculptures en plusieurs \u00e9ditions et dans des mat\u00e9riaux diff\u00e9rents.<\/p><p>Dans ce stage vous apprenez \u00e0 fabriquer l\u2019outil pour reproduire vos sculptures : C\u2019est un moule en silicone et pl\u00e2tre, en deux parties, d\u2019apr\u00e8s une technique professionnelle, utilis\u00e9e dans les fonderies d\u2019art. Vous pourrez apporter une de vos petites sculptures ou choisir un mod\u00e8le \u00e0 l'atelier pour apprendre la technique.<\/p><p>Le moule vous servira ensuite dans votre atelier pour faire des tirages de cette m\u00eame sculpture en r\u00e9sine, ciment ou m\u00eame en bronze\u00a0!<\/p><p>Vous serez \u00e9galement initi\u00e9s aux diff\u00e9rentes \u00e9tapes de la fonderie d\u2019art, aux diff\u00e9rentes techniques du moulage d\u2019art et, surtout, vous serez accompagn\u00e9 individuellement lors de la fabrication de votre propre moule.<\/p><p>\u00a0<\/p>\",\r\n      \"align\": \"bottom\",\r\n      \"row\": 1,\r\n      \"col\": 0,\r\n      \"colspan\": 12,\r\n      \"offsetx\": 0,\r\n      \"offsety\": 0,\r\n      \"spaceabove\": 0,\r\n      \"spacebelow\": 0,\r\n      \"yvel\": 1,\r\n      \"push\": 0,\r\n      \"relid\": 375,\r\n      \"frameOverflow\": \"\"\r\n    },\r\n    {\r\n      \"type\": \"text\",\r\n      \"cont\": \"\",\r\n      \"align\": \"top\",\r\n      \"row\": 2,\r\n      \"col\": 0,\r\n      \"colspan\": 12,\r\n      \"offsetx\": 0,\r\n      \"offsety\": 0,\r\n      \"spaceabove\": 0,\r\n      \"spacebelow\": 0,\r\n      \"yvel\": 1,\r\n      \"push\": 0,\r\n      \"relid\": 1032\r\n    },\r\n    {\r\n      \"type\": \"text\",\r\n      \"cont\": \"\",\r\n      \"align\": \"top\",\r\n      \"row\": 3,\r\n      \"col\": 0,\r\n      \"colspan\": 12,\r\n      \"offsetx\": 0,\r\n      \"offsety\": 0,\r\n      \"spaceabove\": 0,\r\n      \"spacebelow\": 0,\r\n      \"yvel\": 1,\r\n      \"push\": 0,\r\n      \"relid\": 6\r\n    }\r\n  ]\r\n}","_links":{"self":[{"href":"https:\/\/veraspaeth.com\/en\/wp-json\/wp\/v2\/pages\/340"}],"collection":[{"href":"https:\/\/veraspaeth.com\/en\/wp-json\/wp\/v2\/pages"}],"about":[{"href":"https:\/\/veraspaeth.com\/en\/wp-json\/wp\/v2\/types\/page"}],"author":[{"embeddable":true,"href":"https:\/\/veraspaeth.com\/en\/wp-json\/wp\/v2\/users\/1"}],"replies":[{"embeddable":true,"href":"https:\/\/veraspaeth.com\/en\/wp-json\/wp\/v2\/comments?post=340"}],"version-history":[{"count":0,"href":"https:\/\/veraspaeth.com\/en\/wp-json\/wp\/v2\/pages\/340\/revisions"}],"wp:attachment":[{"href":"https:\/\/veraspaeth.com\/en\/wp-json\/wp\/v2\/media?parent=340"}],"curies":[{"name":"wp","href":"https:\/\/api.w.org\/{rel}","templated":true}]}}